{"id":71,"date":"2022-11-01T12:17:59","date_gmt":"2022-11-01T18:17:59","guid":{"rendered":"https:\/\/urdimbretricolor.com\/?post_type=product&#038;p=71"},"modified":"2022-11-01T16:44:54","modified_gmt":"2022-11-01T22:44:54","slug":"tela-tafeta-alegria","status":"publish","type":"product","link":"https:\/\/urdimbretricolor.com\/index.php\/product\/tela-tafeta-alegria\/","title":{"rendered":"Tela Tafeta Alegr\u00eda"},"content":{"rendered":"<p>La tafeta alegr\u00eda es una tela delgada con variedad de colores tela 100% de poli\u00e9ster, utilizada en bolsas ecol\u00f3gicas, vestidos.<\/p>\n","protected":false},"excerpt":{"rendered":"<p>La tafeta alegr\u00eda es una tela delgada con variedad de colores tela 100% de poli\u00e9ster, utilizada en bolsas ecol\u00f3gicas, vestidos.<\/p>\n","protected":false},"featured_media":135,"comment_status":"closed","ping_status":"closed","template":"","meta":{"_et_pb_use_builder":"","_et_pb_old_content":"","_et_gb_content_width":"","_joinchat":[]},"product_cat":[17],"product_tag":[],"_links":{"self":[{"href":"https:\/\/urdimbretricolor.com\/index.php\/wp-json\/wp\/v2\/product\/71"}],"collection":[{"href":"https:\/\/urdimbretricolor.com\/index.php\/wp-json\/wp\/v2\/product"}],"about":[{"href":"https:\/\/urdimbretricolor.com\/index.php\/wp-json\/wp\/v2\/types\/product"}],"replies":[{"embeddable":true,"href":"https:\/\/urdimbretricolor.com\/index.php\/wp-json\/wp\/v2\/comments?post=71"}],"wp:featuredmedia":[{"embeddable":true,"href":"https:\/\/urdimbretricolor.com\/index.php\/wp-json\/wp\/v2\/media\/135"}],"wp:attachment":[{"href":"https:\/\/urdimbretricolor.com\/index.php\/wp-json\/wp\/v2\/media?parent=71"}],"wp:term":[{"taxonomy":"product_cat","embeddable":true,"href":"https:\/\/urdimbretricolor.com\/index.php\/wp-json\/wp\/v2\/product_cat?post=71"},{"taxonomy":"product_tag","embeddable":true,"href":"https:\/\/urdimbretricolor.com\/index.php\/wp-json\/wp\/v2\/product_tag?post=71"}],"curies":[{"name":"wp","href":"https:\/\/api.w.org\/{rel}","templated":true}]}}