{"id":61,"date":"2022-11-01T12:17:38","date_gmt":"2022-11-01T18:17:38","guid":{"rendered":"https:\/\/urdimbretricolor.com\/?post_type=product&#038;p=61"},"modified":"2022-11-01T16:44:59","modified_gmt":"2022-11-01T22:44:59","slug":"tela-sportock","status":"publish","type":"product","link":"https:\/\/urdimbretricolor.com\/index.php\/product\/tela-sportock\/","title":{"rendered":"Tela Sportock"},"content":{"rendered":"<p>La tela Sportock es un textil 100% poli\u00e9ster utilizada mayormente para la creaci\u00f3n de ropa deportiva y excelente para la confecci\u00f3n de pants escolares, sudaderas y uniformes.<\/p>\n","protected":false},"excerpt":{"rendered":"<p>La tela Sportock es un textil 100% poli\u00e9ster utilizada mayormente para la creaci\u00f3n de ropa deportiva y excelente para la confecci\u00f3n de pants escolares, sudaderas y uniformes.<\/p>\n","protected":false},"featured_media":136,"comment_status":"closed","ping_status":"closed","template":"","meta":{"_et_pb_use_builder":"","_et_pb_old_content":"","_et_gb_content_width":"","_joinchat":[]},"product_cat":[17],"product_tag":[],"_links":{"self":[{"href":"https:\/\/urdimbretricolor.com\/index.php\/wp-json\/wp\/v2\/product\/61"}],"collection":[{"href":"https:\/\/urdimbretricolor.com\/index.php\/wp-json\/wp\/v2\/product"}],"about":[{"href":"https:\/\/urdimbretricolor.com\/index.php\/wp-json\/wp\/v2\/types\/product"}],"replies":[{"embeddable":true,"href":"https:\/\/urdimbretricolor.com\/index.php\/wp-json\/wp\/v2\/comments?post=61"}],"wp:featuredmedia":[{"embeddable":true,"href":"https:\/\/urdimbretricolor.com\/index.php\/wp-json\/wp\/v2\/media\/136"}],"wp:attachment":[{"href":"https:\/\/urdimbretricolor.com\/index.php\/wp-json\/wp\/v2\/media?parent=61"}],"wp:term":[{"taxonomy":"product_cat","embeddable":true,"href":"https:\/\/urdimbretricolor.com\/index.php\/wp-json\/wp\/v2\/product_cat?post=61"},{"taxonomy":"product_tag","embeddable":true,"href":"https:\/\/urdimbretricolor.com\/index.php\/wp-json\/wp\/v2\/product_tag?post=61"}],"curies":[{"name":"wp","href":"https:\/\/api.w.org\/{rel}","templated":true}]}}