{"id":55,"date":"2022-11-01T12:17:37","date_gmt":"2022-11-01T18:17:37","guid":{"rendered":"https:\/\/urdimbretricolor.com\/?post_type=product&#038;p=55"},"modified":"2022-11-01T16:45:17","modified_gmt":"2022-11-01T22:45:17","slug":"tela-panalina","status":"publish","type":"product","link":"https:\/\/urdimbretricolor.com\/index.php\/product\/tela-panalina\/","title":{"rendered":"Tela Pa\u00f1alina"},"content":{"rendered":"<p>Pa\u00f1alina o manta de cielo es una tela 100% de algod\u00f3n, que se utiliza para el cuidado de beb\u00e9 o limpieza, ya que no desprende pelusa.<\/p>\n","protected":false},"excerpt":{"rendered":"<p>Pa\u00f1alina o manta de cielo es una tela 100% de algod\u00f3n, que se utiliza para el cuidado de beb\u00e9 o limpieza, ya que no desprende pelusa.<\/p>\n","protected":false},"featured_media":142,"comment_status":"closed","ping_status":"closed","template":"","meta":{"_et_pb_use_builder":"","_et_pb_old_content":"","_et_gb_content_width":"","_joinchat":[]},"product_cat":[17],"product_tag":[],"_links":{"self":[{"href":"https:\/\/urdimbretricolor.com\/index.php\/wp-json\/wp\/v2\/product\/55"}],"collection":[{"href":"https:\/\/urdimbretricolor.com\/index.php\/wp-json\/wp\/v2\/product"}],"about":[{"href":"https:\/\/urdimbretricolor.com\/index.php\/wp-json\/wp\/v2\/types\/product"}],"replies":[{"embeddable":true,"href":"https:\/\/urdimbretricolor.com\/index.php\/wp-json\/wp\/v2\/comments?post=55"}],"wp:featuredmedia":[{"embeddable":true,"href":"https:\/\/urdimbretricolor.com\/index.php\/wp-json\/wp\/v2\/media\/142"}],"wp:attachment":[{"href":"https:\/\/urdimbretricolor.com\/index.php\/wp-json\/wp\/v2\/media?parent=55"}],"wp:term":[{"taxonomy":"product_cat","embeddable":true,"href":"https:\/\/urdimbretricolor.com\/index.php\/wp-json\/wp\/v2\/product_cat?post=55"},{"taxonomy":"product_tag","embeddable":true,"href":"https:\/\/urdimbretricolor.com\/index.php\/wp-json\/wp\/v2\/product_tag?post=55"}],"curies":[{"name":"wp","href":"https:\/\/api.w.org\/{rel}","templated":true}]}}