{"id":44,"date":"2022-11-01T12:17:15","date_gmt":"2022-11-01T18:17:15","guid":{"rendered":"https:\/\/urdimbretricolor.com\/?post_type=product&#038;p=44"},"modified":"2022-11-01T16:45:23","modified_gmt":"2022-11-01T22:45:23","slug":"tela-microfibra","status":"publish","type":"product","link":"https:\/\/urdimbretricolor.com\/index.php\/product\/tela-microfibra\/","title":{"rendered":"Tela Microfibra"},"content":{"rendered":"<p>La tela microfibra poli\u00e9ster es una tela ligera, resistente y econ\u00f3mica para confeccionar uniformes m\u00e9dicos, shorts y pants deportivos.<\/p>\n","protected":false},"excerpt":{"rendered":"<p>La tela microfibra poli\u00e9ster es una tela ligera, resistente y econ\u00f3mica para confeccionar uniformes m\u00e9dicos, shorts y pants deportivos.<\/p>\n","protected":false},"featured_media":145,"comment_status":"closed","ping_status":"closed","template":"","meta":{"_et_pb_use_builder":"","_et_pb_old_content":"","_et_gb_content_width":"","_joinchat":[]},"product_cat":[17],"product_tag":[],"_links":{"self":[{"href":"https:\/\/urdimbretricolor.com\/index.php\/wp-json\/wp\/v2\/product\/44"}],"collection":[{"href":"https:\/\/urdimbretricolor.com\/index.php\/wp-json\/wp\/v2\/product"}],"about":[{"href":"https:\/\/urdimbretricolor.com\/index.php\/wp-json\/wp\/v2\/types\/product"}],"replies":[{"embeddable":true,"href":"https:\/\/urdimbretricolor.com\/index.php\/wp-json\/wp\/v2\/comments?post=44"}],"wp:featuredmedia":[{"embeddable":true,"href":"https:\/\/urdimbretricolor.com\/index.php\/wp-json\/wp\/v2\/media\/145"}],"wp:attachment":[{"href":"https:\/\/urdimbretricolor.com\/index.php\/wp-json\/wp\/v2\/media?parent=44"}],"wp:term":[{"taxonomy":"product_cat","embeddable":true,"href":"https:\/\/urdimbretricolor.com\/index.php\/wp-json\/wp\/v2\/product_cat?post=44"},{"taxonomy":"product_tag","embeddable":true,"href":"https:\/\/urdimbretricolor.com\/index.php\/wp-json\/wp\/v2\/product_tag?post=44"}],"curies":[{"name":"wp","href":"https:\/\/api.w.org\/{rel}","templated":true}]}}