{"id":42,"date":"2022-11-01T12:17:15","date_gmt":"2022-11-01T18:17:15","guid":{"rendered":"https:\/\/urdimbretricolor.com\/?post_type=product&#038;p=42"},"modified":"2022-11-01T16:45:27","modified_gmt":"2022-11-01T22:45:27","slug":"tela-mesh-estampado","status":"publish","type":"product","link":"https:\/\/urdimbretricolor.com\/index.php\/product\/tela-mesh-estampado\/","title":{"rendered":"Tela Mesh Estampado"},"content":{"rendered":"<p>Tela mesh tela 100% poli\u00e9ster con estampados bonitos. Es una tela de malla para confecci\u00f3n de vestidos y lencer\u00eda.<\/p>\n","protected":false},"excerpt":{"rendered":"<p>Tela mesh tela 100% poli\u00e9ster con estampados bonitos. Es una tela de malla para confecci\u00f3n de vestidos y lencer\u00eda.<\/p>\n","protected":false},"featured_media":147,"comment_status":"closed","ping_status":"closed","template":"","meta":{"_et_pb_use_builder":"","_et_pb_old_content":"","_et_gb_content_width":"","_joinchat":[]},"product_cat":[17],"product_tag":[],"_links":{"self":[{"href":"https:\/\/urdimbretricolor.com\/index.php\/wp-json\/wp\/v2\/product\/42"}],"collection":[{"href":"https:\/\/urdimbretricolor.com\/index.php\/wp-json\/wp\/v2\/product"}],"about":[{"href":"https:\/\/urdimbretricolor.com\/index.php\/wp-json\/wp\/v2\/types\/product"}],"replies":[{"embeddable":true,"href":"https:\/\/urdimbretricolor.com\/index.php\/wp-json\/wp\/v2\/comments?post=42"}],"wp:featuredmedia":[{"embeddable":true,"href":"https:\/\/urdimbretricolor.com\/index.php\/wp-json\/wp\/v2\/media\/147"}],"wp:attachment":[{"href":"https:\/\/urdimbretricolor.com\/index.php\/wp-json\/wp\/v2\/media?parent=42"}],"wp:term":[{"taxonomy":"product_cat","embeddable":true,"href":"https:\/\/urdimbretricolor.com\/index.php\/wp-json\/wp\/v2\/product_cat?post=42"},{"taxonomy":"product_tag","embeddable":true,"href":"https:\/\/urdimbretricolor.com\/index.php\/wp-json\/wp\/v2\/product_tag?post=42"}],"curies":[{"name":"wp","href":"https:\/\/api.w.org\/{rel}","templated":true}]}}