{"id":25,"date":"2022-11-01T12:17:12","date_gmt":"2022-11-01T18:17:12","guid":{"rendered":"https:\/\/urdimbretricolor.com\/?post_type=product&#038;p=25"},"modified":"2022-11-01T16:33:27","modified_gmt":"2022-11-01T22:33:27","slug":"tela-diamante","status":"publish","type":"product","link":"https:\/\/urdimbretricolor.com\/index.php\/product\/tela-diamante\/","title":{"rendered":"Tela Diamante"},"content":{"rendered":"<h2><strong>\u00bfQu\u00e9 es la tela diamante?<\/strong><\/h2>\n<h3>La tela diamante es una tela con composici\u00f3n 65% poli\u00e9ster 35% algod\u00f3n de uso rudo y duradera. Esta tela de buena calidad es tu mejor opci\u00f3n y tiene estas caracter\u00edsticas:<\/h3>\n<ul>\n<li>\n<h3>Confecci\u00f3n de batas de laboratorio<\/h3>\n<\/li>\n<li>\n<h3>Uniformes de chef<\/h3>\n<\/li>\n<li>\n<h3>Excelente tela para serigraf\u00eda<\/h3>\n<\/li>\n<li>\n<h3>Mandiles<\/h3>\n<\/li>\n<li>\n<h3>Filipinas<\/h3>\n<\/li>\n<li>\n<h3>Pantalones<\/h3>\n<\/li>\n<\/ul>\n<h3>Debido a su composici\u00f3n 65% poli\u00e9ster, 35% algod\u00f3n la tela diamante no se arruga f\u00e1cilmente.<\/h3>\n","protected":false},"excerpt":{"rendered":"<p>Debido a su composici\u00f3n 65% poli\u00e9ster, 35% algod\u00f3n la tela diamante no se arruga f\u00e1cilmente.<\/p>\n","protected":false},"featured_media":165,"comment_status":"closed","ping_status":"closed","template":"","meta":{"_et_pb_use_builder":"","_et_pb_old_content":"","_et_gb_content_width":"","_joinchat":[]},"product_cat":[17],"product_tag":[],"_links":{"self":[{"href":"https:\/\/urdimbretricolor.com\/index.php\/wp-json\/wp\/v2\/product\/25"}],"collection":[{"href":"https:\/\/urdimbretricolor.com\/index.php\/wp-json\/wp\/v2\/product"}],"about":[{"href":"https:\/\/urdimbretricolor.com\/index.php\/wp-json\/wp\/v2\/types\/product"}],"replies":[{"embeddable":true,"href":"https:\/\/urdimbretricolor.com\/index.php\/wp-json\/wp\/v2\/comments?post=25"}],"wp:featuredmedia":[{"embeddable":true,"href":"https:\/\/urdimbretricolor.com\/index.php\/wp-json\/wp\/v2\/media\/165"}],"wp:attachment":[{"href":"https:\/\/urdimbretricolor.com\/index.php\/wp-json\/wp\/v2\/media?parent=25"}],"wp:term":[{"taxonomy":"product_cat","embeddable":true,"href":"https:\/\/urdimbretricolor.com\/index.php\/wp-json\/wp\/v2\/product_cat?post=25"},{"taxonomy":"product_tag","embeddable":true,"href":"https:\/\/urdimbretricolor.com\/index.php\/wp-json\/wp\/v2\/product_tag?post=25"}],"curies":[{"name":"wp","href":"https:\/\/api.w.org\/{rel}","templated":true}]}}