{"id":23,"date":"2022-11-01T12:17:12","date_gmt":"2022-11-01T18:17:12","guid":{"rendered":"https:\/\/urdimbretricolor.com\/?post_type=product&#038;p=23"},"modified":"2022-11-01T16:28:32","modified_gmt":"2022-11-01T22:28:32","slug":"tela-bramante-estampado","status":"publish","type":"product","link":"https:\/\/urdimbretricolor.com\/index.php\/product\/tela-bramante-estampado\/","title":{"rendered":"Tela Bramante Estampado"},"content":{"rendered":"<h2><strong>\u00bfQu\u00e9 es la tela bramante estampada?<\/strong><\/h2>\n<h3>La tela bramante estampada es usada principalmente para la confecci\u00f3n de s\u00e1banas porque gracias a su composici\u00f3n de algod\u00f3n y poli\u00e9ster, es muy suave al tacto, adem\u00e1s de ser una excelente opci\u00f3n para personas con alergias.<\/h3>\n<h3>Gran variedad de dise\u00f1os tela bramante estampada con 2.80 mts de ancho y composici\u00f3n tela 50% algod\u00f3n &#8211; tela 50% poli\u00e9ster.<\/h3>\n","protected":false},"excerpt":{"rendered":"<p>Gran variedad de dise\u00f1os tela bramante estampada con 2.80 mts de ancho y composici\u00f3n tela 50% algod\u00f3n &#8211; tela 50% poli\u00e9ster.<\/p>\n","protected":false},"featured_media":167,"comment_status":"closed","ping_status":"closed","template":"","meta":{"_et_pb_use_builder":"","_et_pb_old_content":"","_et_gb_content_width":"","_joinchat":[]},"product_cat":[17],"product_tag":[],"_links":{"self":[{"href":"https:\/\/urdimbretricolor.com\/index.php\/wp-json\/wp\/v2\/product\/23"}],"collection":[{"href":"https:\/\/urdimbretricolor.com\/index.php\/wp-json\/wp\/v2\/product"}],"about":[{"href":"https:\/\/urdimbretricolor.com\/index.php\/wp-json\/wp\/v2\/types\/product"}],"replies":[{"embeddable":true,"href":"https:\/\/urdimbretricolor.com\/index.php\/wp-json\/wp\/v2\/comments?post=23"}],"wp:featuredmedia":[{"embeddable":true,"href":"https:\/\/urdimbretricolor.com\/index.php\/wp-json\/wp\/v2\/media\/167"}],"wp:attachment":[{"href":"https:\/\/urdimbretricolor.com\/index.php\/wp-json\/wp\/v2\/media?parent=23"}],"wp:term":[{"taxonomy":"product_cat","embeddable":true,"href":"https:\/\/urdimbretricolor.com\/index.php\/wp-json\/wp\/v2\/product_cat?post=23"},{"taxonomy":"product_tag","embeddable":true,"href":"https:\/\/urdimbretricolor.com\/index.php\/wp-json\/wp\/v2\/product_tag?post=23"}],"curies":[{"name":"wp","href":"https:\/\/api.w.org\/{rel}","templated":true}]}}