{"id":22,"date":"2022-11-01T12:17:12","date_gmt":"2022-11-01T18:17:12","guid":{"rendered":"https:\/\/urdimbretricolor.com\/?post_type=product&#038;p=22"},"modified":"2022-11-01T16:26:50","modified_gmt":"2022-11-01T22:26:50","slug":"tela-bramante-blanco","status":"publish","type":"product","link":"https:\/\/urdimbretricolor.com\/index.php\/product\/tela-bramante-blanco\/","title":{"rendered":"Tela Bramante Blanco"},"content":{"rendered":"<h2><strong>\u00bfQu\u00e9 es la tela Bramante Blanco?<\/strong><\/h2>\n<h3>La\u00a0<strong>tela bramante blanco<\/strong>\u00a0es usada principalmente para la confecci\u00f3n de s\u00e1banas, fundas de almohadas y camisas. Por su composici\u00f3n 50% algod\u00f3n y 50% poli\u00e9ster es suave al tacto y de larga duraci\u00f3n, por la cantidad de hilos que tiene.<\/h3>\n<h3>Bramante blanco con composici\u00f3n tela 50% algod\u00f3n &#8211; tela 50% poli\u00e9ster para s\u00e1banas, fundas de almohadas y camisas.<\/h3>\n","protected":false},"excerpt":{"rendered":"<p>Bramante blanco con composici\u00f3n tela 50% algod\u00f3n &#8211; tela 50% poli\u00e9ster para s\u00e1banas, fundas de almohadas y camisas.<\/p>\n","protected":false},"featured_media":168,"comment_status":"closed","ping_status":"closed","template":"","meta":{"_et_pb_use_builder":"","_et_pb_old_content":"","_et_gb_content_width":"","_joinchat":[]},"product_cat":[17],"product_tag":[],"_links":{"self":[{"href":"https:\/\/urdimbretricolor.com\/index.php\/wp-json\/wp\/v2\/product\/22"}],"collection":[{"href":"https:\/\/urdimbretricolor.com\/index.php\/wp-json\/wp\/v2\/product"}],"about":[{"href":"https:\/\/urdimbretricolor.com\/index.php\/wp-json\/wp\/v2\/types\/product"}],"replies":[{"embeddable":true,"href":"https:\/\/urdimbretricolor.com\/index.php\/wp-json\/wp\/v2\/comments?post=22"}],"wp:featuredmedia":[{"embeddable":true,"href":"https:\/\/urdimbretricolor.com\/index.php\/wp-json\/wp\/v2\/media\/168"}],"wp:attachment":[{"href":"https:\/\/urdimbretricolor.com\/index.php\/wp-json\/wp\/v2\/media?parent=22"}],"wp:term":[{"taxonomy":"product_cat","embeddable":true,"href":"https:\/\/urdimbretricolor.com\/index.php\/wp-json\/wp\/v2\/product_cat?post=22"},{"taxonomy":"product_tag","embeddable":true,"href":"https:\/\/urdimbretricolor.com\/index.php\/wp-json\/wp\/v2\/product_tag?post=22"}],"curies":[{"name":"wp","href":"https:\/\/api.w.org\/{rel}","templated":true}]}}