{"id":21,"date":"2022-11-01T12:17:12","date_gmt":"2022-11-01T18:17:12","guid":{"rendered":"https:\/\/urdimbretricolor.com\/?post_type=product&#038;p=21"},"modified":"2022-11-01T16:24:41","modified_gmt":"2022-11-01T22:24:41","slug":"tela-bramante-100-algodon","status":"publish","type":"product","link":"https:\/\/urdimbretricolor.com\/index.php\/product\/tela-bramante-100-algodon\/","title":{"rendered":"Tela Bramante 100% Algod\u00f3n"},"content":{"rendered":"<h2><strong>\u00bfQu\u00e9 es la tela Bramante 100% Algod\u00f3n?<\/strong><\/h2>\n<h3>\nLa tela Bramante es usada principalmente para la confecci\u00f3n de s\u00e1banas, camisas y blusas ya que, gracias a su composici\u00f3n 100% algod\u00f3n es muy suave al tacto, de larga duraci\u00f3n por su calidad de hilos, adem\u00e1s de ser una excelente opci\u00f3n para personas con alergias. \u00a1Elige calidad en tus descansos y mant\u00e9n fresca tu cama!<\/p>\n<p>Bramante de algod\u00f3n para s\u00e1banas y fundas de almohadas, con un ancho de 260 cm.<\/h3>\n","protected":false},"excerpt":{"rendered":"<p>Bramante de algod\u00f3n para s\u00e1banas y fundas de almohadas, con un ancho de 260 cm.<\/p>\n","protected":false},"featured_media":169,"comment_status":"closed","ping_status":"closed","template":"","meta":{"_et_pb_use_builder":"","_et_pb_old_content":"","_et_gb_content_width":"","_joinchat":[]},"product_cat":[17],"product_tag":[],"_links":{"self":[{"href":"https:\/\/urdimbretricolor.com\/index.php\/wp-json\/wp\/v2\/product\/21"}],"collection":[{"href":"https:\/\/urdimbretricolor.com\/index.php\/wp-json\/wp\/v2\/product"}],"about":[{"href":"https:\/\/urdimbretricolor.com\/index.php\/wp-json\/wp\/v2\/types\/product"}],"replies":[{"embeddable":true,"href":"https:\/\/urdimbretricolor.com\/index.php\/wp-json\/wp\/v2\/comments?post=21"}],"wp:featuredmedia":[{"embeddable":true,"href":"https:\/\/urdimbretricolor.com\/index.php\/wp-json\/wp\/v2\/media\/169"}],"wp:attachment":[{"href":"https:\/\/urdimbretricolor.com\/index.php\/wp-json\/wp\/v2\/media?parent=21"}],"wp:term":[{"taxonomy":"product_cat","embeddable":true,"href":"https:\/\/urdimbretricolor.com\/index.php\/wp-json\/wp\/v2\/product_cat?post=21"},{"taxonomy":"product_tag","embeddable":true,"href":"https:\/\/urdimbretricolor.com\/index.php\/wp-json\/wp\/v2\/product_tag?post=21"}],"curies":[{"name":"wp","href":"https:\/\/api.w.org\/{rel}","templated":true}]}}