{"id":20,"date":"2022-11-01T12:17:12","date_gmt":"2022-11-01T18:17:12","guid":{"rendered":"https:\/\/urdimbretricolor.com\/?post_type=product&#038;p=20"},"modified":"2022-11-01T16:21:58","modified_gmt":"2022-11-01T22:21:58","slug":"tela-bramante","status":"publish","type":"product","link":"https:\/\/urdimbretricolor.com\/index.php\/product\/tela-bramante\/","title":{"rendered":"Tela Bramante"},"content":{"rendered":"<h2><strong>\u00bfQue es la tela bramante de colores?<\/strong><\/h2>\n<h3>\nLa tela Bramante de Colores es usada principalmente para la confecci\u00f3n de s\u00e1banas, camisas y blusas ya que, gracias a su composici\u00f3n 50% algod\u00f3n y 50% poli\u00e9ster es muy suave al tacto y de larga duraci\u00f3n por su calidad de hilos. \u00a1Elige calidad en tus descansos y mant\u00e9n fresca tu cama!<\/h3>\n<h3>Bramante tela 50% algod\u00f3n y tela 50% poli\u00e9ster con 2.80 mts de ancho, ideal para confeccionar s\u00e1banas.<\/h3>\n","protected":false},"excerpt":{"rendered":"<p>Bramante tela 50% algod\u00f3n y tela 50% poli\u00e9ster con 2.80 mts de ancho, ideal para confeccionar s\u00e1banas.<\/p>\n","protected":false},"featured_media":170,"comment_status":"closed","ping_status":"closed","template":"","meta":{"_et_pb_use_builder":"","_et_pb_old_content":"","_et_gb_content_width":"","_joinchat":[]},"product_cat":[17],"product_tag":[],"_links":{"self":[{"href":"https:\/\/urdimbretricolor.com\/index.php\/wp-json\/wp\/v2\/product\/20"}],"collection":[{"href":"https:\/\/urdimbretricolor.com\/index.php\/wp-json\/wp\/v2\/product"}],"about":[{"href":"https:\/\/urdimbretricolor.com\/index.php\/wp-json\/wp\/v2\/types\/product"}],"replies":[{"embeddable":true,"href":"https:\/\/urdimbretricolor.com\/index.php\/wp-json\/wp\/v2\/comments?post=20"}],"wp:featuredmedia":[{"embeddable":true,"href":"https:\/\/urdimbretricolor.com\/index.php\/wp-json\/wp\/v2\/media\/170"}],"wp:attachment":[{"href":"https:\/\/urdimbretricolor.com\/index.php\/wp-json\/wp\/v2\/media?parent=20"}],"wp:term":[{"taxonomy":"product_cat","embeddable":true,"href":"https:\/\/urdimbretricolor.com\/index.php\/wp-json\/wp\/v2\/product_cat?post=20"},{"taxonomy":"product_tag","embeddable":true,"href":"https:\/\/urdimbretricolor.com\/index.php\/wp-json\/wp\/v2\/product_tag?post=20"}],"curies":[{"name":"wp","href":"https:\/\/api.w.org\/{rel}","templated":true}]}}