{"id":19,"date":"2022-11-01T12:17:12","date_gmt":"2022-11-01T18:17:12","guid":{"rendered":"https:\/\/urdimbretricolor.com\/?post_type=product&#038;p=19"},"modified":"2022-11-01T16:19:00","modified_gmt":"2022-11-01T22:19:00","slug":"tela-bandera","status":"publish","type":"product","link":"https:\/\/urdimbretricolor.com\/index.php\/product\/tela-bandera\/","title":{"rendered":"Tela Bandera"},"content":{"rendered":"<h2><strong>\u00bfCu\u00e1l Es La Tela Bandera?<\/strong><\/h2>\n<h3>La Tela Bandera (sat\u00edn ) es una tela de composici\u00f3n tela 100% poli\u00e9ster. Usada para la creaci\u00f3n de banderas y art\u00edculos decorativos para la temporada de fiestas patrias.<\/h3>\n<h3>Tela raso sat\u00edn para hacer banderas y art\u00edculos decorativos tela 100% poli\u00e9ster con 150 cm de ancho.<\/h3>\n","protected":false},"excerpt":{"rendered":"<p>Tela raso sat\u00edn para hacer banderas y art\u00edculos decorativos tela 100% poli\u00e9ster con 150 cm de ancho.<\/p>\n","protected":false},"featured_media":172,"comment_status":"closed","ping_status":"closed","template":"","meta":{"_et_pb_use_builder":"","_et_pb_old_content":"","_et_gb_content_width":"","_joinchat":[]},"product_cat":[17],"product_tag":[],"_links":{"self":[{"href":"https:\/\/urdimbretricolor.com\/index.php\/wp-json\/wp\/v2\/product\/19"}],"collection":[{"href":"https:\/\/urdimbretricolor.com\/index.php\/wp-json\/wp\/v2\/product"}],"about":[{"href":"https:\/\/urdimbretricolor.com\/index.php\/wp-json\/wp\/v2\/types\/product"}],"replies":[{"embeddable":true,"href":"https:\/\/urdimbretricolor.com\/index.php\/wp-json\/wp\/v2\/comments?post=19"}],"wp:featuredmedia":[{"embeddable":true,"href":"https:\/\/urdimbretricolor.com\/index.php\/wp-json\/wp\/v2\/media\/172"}],"wp:attachment":[{"href":"https:\/\/urdimbretricolor.com\/index.php\/wp-json\/wp\/v2\/media?parent=19"}],"wp:term":[{"taxonomy":"product_cat","embeddable":true,"href":"https:\/\/urdimbretricolor.com\/index.php\/wp-json\/wp\/v2\/product_cat?post=19"},{"taxonomy":"product_tag","embeddable":true,"href":"https:\/\/urdimbretricolor.com\/index.php\/wp-json\/wp\/v2\/product_tag?post=19"}],"curies":[{"name":"wp","href":"https:\/\/api.w.org\/{rel}","templated":true}]}}