{"id":17,"date":"2022-11-01T12:17:12","date_gmt":"2022-11-01T18:17:12","guid":{"rendered":"https:\/\/urdimbretricolor.com\/?post_type=product&#038;p=17"},"modified":"2022-11-01T16:17:30","modified_gmt":"2022-11-01T22:17:30","slug":"tela-animal-print","status":"publish","type":"product","link":"https:\/\/urdimbretricolor.com\/index.php\/product\/tela-animal-print\/","title":{"rendered":"Tela Animal Print"},"content":{"rendered":"<h2><strong>\u00bfQu\u00e9 Es La Tela Animal Print?<\/strong><\/h2>\n<h3>Tela sint\u00e9tica con 170 cm de ancho. Para confeccionar blusas, vestidos, leggings en varios dise\u00f1os.<\/h3>\n<h3>La Tela Animal Print con una composici\u00f3n tela 100% de poli\u00e9ster, es una tela sint\u00e9tica delgada que se utiliza para la confecci\u00f3n de sacos, blusas, leggins y vestidos, ideal para la moda y decoraci\u00f3n.<\/h3>\n","protected":false},"excerpt":{"rendered":"<p>Tela sint\u00e9tica con 170 cm de ancho. Para confeccionar blusas, vestidos, leggings en varios dise\u00f1os.<\/p>\n","protected":false},"featured_media":174,"comment_status":"closed","ping_status":"closed","template":"","meta":{"_et_pb_use_builder":"","_et_pb_old_content":"","_et_gb_content_width":"","_joinchat":[]},"product_cat":[17],"product_tag":[],"_links":{"self":[{"href":"https:\/\/urdimbretricolor.com\/index.php\/wp-json\/wp\/v2\/product\/17"}],"collection":[{"href":"https:\/\/urdimbretricolor.com\/index.php\/wp-json\/wp\/v2\/product"}],"about":[{"href":"https:\/\/urdimbretricolor.com\/index.php\/wp-json\/wp\/v2\/types\/product"}],"replies":[{"embeddable":true,"href":"https:\/\/urdimbretricolor.com\/index.php\/wp-json\/wp\/v2\/comments?post=17"}],"wp:featuredmedia":[{"embeddable":true,"href":"https:\/\/urdimbretricolor.com\/index.php\/wp-json\/wp\/v2\/media\/174"}],"wp:attachment":[{"href":"https:\/\/urdimbretricolor.com\/index.php\/wp-json\/wp\/v2\/media?parent=17"}],"wp:term":[{"taxonomy":"product_cat","embeddable":true,"href":"https:\/\/urdimbretricolor.com\/index.php\/wp-json\/wp\/v2\/product_cat?post=17"},{"taxonomy":"product_tag","embeddable":true,"href":"https:\/\/urdimbretricolor.com\/index.php\/wp-json\/wp\/v2\/product_tag?post=17"}],"curies":[{"name":"wp","href":"https:\/\/api.w.org\/{rel}","templated":true}]}}