{"id":16,"date":"2022-11-01T12:17:12","date_gmt":"2022-11-01T18:17:12","guid":{"rendered":"https:\/\/urdimbretricolor.com\/?post_type=product&#038;p=16"},"modified":"2022-11-01T16:15:54","modified_gmt":"2022-11-01T22:15:54","slug":"tela-acolchada","status":"publish","type":"product","link":"https:\/\/urdimbretricolor.com\/index.php\/product\/tela-acolchada\/","title":{"rendered":"Tela Acolchada"},"content":{"rendered":"<h2><strong>\u00bfQu\u00e9 Es La Tela Acolchada?<\/strong><\/h2>\n<h3>La tela acolchada es un material pr\u00e1ctico y calientito, es una construcci\u00f3n de tela que cuenta con tres capas:<\/h3>\n<h3>Tela exterior:<\/h3>\n<ul>\n<li>\n<h3>Liso: Tafeta forro tela 100% poli\u00e9ster, tela liviana, delgada y muy c\u00f3moda.<\/h3>\n<\/li>\n<li>\n<h3>Boleado: Tela 100% poli\u00e9ster, tela ligera con excelente ca\u00edda y suavidad.<\/h3>\n<\/li>\n<li>\n<h3>Relleno: Guata 75 gramos, tiene la finalidad de dar mayor capacidad de abrigo a la prenda ya que aparte de crear volumen brinda un aislamiento t\u00e9rmico.<\/h3>\n<\/li>\n<\/ul>\n<h3><\/h3>\n<h3>Tela interior: Pell\u00f3n.<\/h3>\n<ul>\n<li>\n<h3>Es utilizada en ropa para exterior; chalecos, chamarras, bolsas, ropa y camas de mascotas.<\/h3>\n<\/li>\n<\/ul>\n<h3>La tela acolchada cuenta con una construcci\u00f3n de tela exterior de poli\u00e9ster, guata de 75 grs y pell\u00f3n.<\/h3>\n","protected":false},"excerpt":{"rendered":"<p>La tela acolchada cuenta con una construcci\u00f3n de tela exterior de poli\u00e9ster, guata de 75 grs y pell\u00f3n.<\/p>\n","protected":false},"featured_media":175,"comment_status":"closed","ping_status":"closed","template":"","meta":{"_et_pb_use_builder":"","_et_pb_old_content":"","_et_gb_content_width":"","_joinchat":[]},"product_cat":[17],"product_tag":[],"_links":{"self":[{"href":"https:\/\/urdimbretricolor.com\/index.php\/wp-json\/wp\/v2\/product\/16"}],"collection":[{"href":"https:\/\/urdimbretricolor.com\/index.php\/wp-json\/wp\/v2\/product"}],"about":[{"href":"https:\/\/urdimbretricolor.com\/index.php\/wp-json\/wp\/v2\/types\/product"}],"replies":[{"embeddable":true,"href":"https:\/\/urdimbretricolor.com\/index.php\/wp-json\/wp\/v2\/comments?post=16"}],"wp:featuredmedia":[{"embeddable":true,"href":"https:\/\/urdimbretricolor.com\/index.php\/wp-json\/wp\/v2\/media\/175"}],"wp:attachment":[{"href":"https:\/\/urdimbretricolor.com\/index.php\/wp-json\/wp\/v2\/media?parent=16"}],"wp:term":[{"taxonomy":"product_cat","embeddable":true,"href":"https:\/\/urdimbretricolor.com\/index.php\/wp-json\/wp\/v2\/product_cat?post=16"},{"taxonomy":"product_tag","embeddable":true,"href":"https:\/\/urdimbretricolor.com\/index.php\/wp-json\/wp\/v2\/product_tag?post=16"}],"curies":[{"name":"wp","href":"https:\/\/api.w.org\/{rel}","templated":true}]}}